{"id":38786,"date":"2025-02-02T11:12:12","date_gmt":"2025-02-02T11:12:12","guid":{"rendered":"https:\/\/www.365scores.com\/es\/news\/?page_id=38786"},"modified":"2025-02-04T16:35:12","modified_gmt":"2025-02-04T16:35:12","slug":"ronaldo-vs-messi-the-battle-of-the-goats","status":"publish","type":"page","link":"https:\/\/www.365scores.com\/es\/news\/ronaldo-turns-40\/ronaldo-vs-messi-the-battle-of-the-goats\/","title":{"rendered":"Ronaldo vs. Messi: The Battle of the GOATs"},"content":{"rendered":"\n<h1 class=\"wp-block-heading headingFirstRow\"><em>Ronaldo vs Messi<\/em><\/h1>\n\n\n\n<h2 class=\"wp-block-heading headingSecondRow\"><em>La batalla de los GOAT<\/em><\/h2>\n\n\n\n<figure class=\"wp-block-image alignwide size-large mainImageCR\"><img decoding=\"async\" src=\"https:\/\/www.365scores.com\/news\/wp-content\/uploads\/2025\/02\/HEADER-IMAGE1-980x1024.jpg\" alt=\"\" class=\"wp-image-8391\"\/><\/figure>\n\n\n\n<div class=\"wp-block-columns are-vertically-aligned-center firstParagraphRow is-layout-flex wp-container-core-columns-is-layout-9d6595d7 wp-block-columns-is-layout-flex\">\n<div class=\"wp-block-column is-vertically-aligned-center is-layout-flow wp-block-column-is-layout-flow\" style=\"flex-basis:66.66%\">\n<p>Pocas rivalidades en la historia del deporte han capturado la atenci\u00f3n mundial como la que existe entre <a href=\"https:\/\/www.365scores.com\/es\/football\/player\/cristiano-ronaldo-817\">Cristiano Ronaldo<\/a> y<a href=\"https:\/\/www.365scores.com\/es\/football\/player\/lionel-messi-874\"> Lionel Messi<\/a>. Sus enfrentamientos en el campo han producido momentos inolvidables, mientras que sus interacciones fuera del campo reflejan el respeto mutuo entre dos de los m\u00e1s grandes \u00edconos del f\u00fatbol.<\/p>\n<\/div>\n\n\n\n<div class=\"wp-block-column is-vertically-aligned-center is-layout-flow wp-block-column-is-layout-flow\" style=\"flex-basis:33.33%\">\n<figure class=\"wp-block-image size-full\"><img decoding=\"async\" src=\"https:\/\/www.365scores.com\/news\/wp-content\/uploads\/2025\/01\/ronaldomessi-1.png\" alt=\"\" class=\"wp-image-8268\"\/><\/figure>\n<\/div>\n<\/div>\n\n\n\n<h2 class=\"wp-block-heading has-text-align-center\">Ronaldo vs Messi &#8211; Goles por Edad<\/h2>\n\n\n\n<p class=\"has-text-align-center\">El equipo de ciencia de datos de 365Scores rastre\u00f3 los goles acumulativos de Messi desde los 18 a\u00f1os en adelante y analiz\u00f3 su tendencia goleadora a lo largo de los a\u00f1os. Bas\u00e1ndonos en esta progresi\u00f3n, y considerando posibles lesiones y partidos perdidos, proyectamos su total de goles hasta los 40 a\u00f1os.<\/p>\n\n\n\n<p class=\"has-text-align-center\">Seg\u00fan nuestro an\u00e1lisis, a los 40 a\u00f1os Messi habr\u00e1 marcado un total de 926 goles, 3 m\u00e1s que Ronaldo.<\/p>\n\n\n\n<div style=\"position: relative; width: 100%; height: 0; padding-top: 75.0000%;\n padding-bottom: 0; box-shadow: 0 2px 8px 0 rgba(63,69,81,0.16); margin-top: 1.6em; margin-bottom: 0.9em; overflow: hidden;\n border-radius: 8px; will-change: transform;\">\n  <iframe loading=\"lazy\" style=\"position: absolute; width: 100%; height: 100%; top: 0; left: 0; border: none; padding: 0;margin: 0;\"\n    src=\"https:\/\/www.canva.com\/design\/DAGc78yqCxw\/f26ovqgd32YfK639B05pfg\/view?embed\" allowfullscreen=\"allowfullscreen\" allow=\"fullscreen\">\n  <\/iframe>\n<\/div>\n\n\n\n<div style=\"height:100px\" aria-hidden=\"true\" class=\"wp-block-spacer\"><\/div>\n\n\n\n<div class=\"wp-block-group rowContainer is-vertical is-content-justification-center is-layout-flex wp-container-core-group-is-layout-73a99bce wp-block-group-is-layout-flex\">\n<h2 class=\"wp-block-heading has-text-align-center\">Enfrentamientos Directos<\/h2>\n\n\n\n<figure class=\"wp-block-table\"><table><tbody><tr><td>Competencia<\/td><td class=\"has-text-align-center\" data-align=\"center\">Partidos Jugados<\/td><td class=\"has-text-align-center\" data-align=\"center\">Victorias de Ronaldo<\/td><td class=\"has-text-align-center\" data-align=\"center\">Victorias de Messi<\/td><td class=\"has-text-align-center\" data-align=\"center\">Empates<\/td><\/tr><tr><td>Partidos de Club (La Liga, UCL)<\/td><td class=\"has-text-align-center\" data-align=\"center\">34<\/td><td class=\"has-text-align-center\" data-align=\"center\">10<\/td><td class=\"has-text-align-center\" data-align=\"center\">16<\/td><td class=\"has-text-align-center\" data-align=\"center\">8<\/td><\/tr><tr><td>Partidos Internacionales<\/td><td class=\"has-text-align-center\" data-align=\"center\">3<\/td><td class=\"has-text-align-center\" data-align=\"center\">1<\/td><td class=\"has-text-align-center\" data-align=\"center\">1<\/td><td class=\"has-text-align-center\" data-align=\"center\">1<\/td><\/tr><tr><td>Total<\/td><td class=\"has-text-align-center\" data-align=\"center\">37<\/td><td class=\"has-text-align-center\" data-align=\"center\">11<\/td><td class=\"has-text-align-center\" data-align=\"center\">17<\/td><td class=\"has-text-align-center\" data-align=\"center\">9<\/td><\/tr><\/tbody><\/table><\/figure>\n\n\n\n<div style=\"height:0px\" aria-hidden=\"true\" class=\"wp-block-spacer wp-container-content-6388d5dc\"><\/div>\n<\/div>\n\n\n\n<div class=\"wp-block-group stackTwoCol is-vertical is-content-justification-center is-layout-flex wp-container-core-group-is-layout-4b2eccd6 wp-block-group-is-layout-flex\">\n<h2 class=\"wp-block-heading has-text-align-center\">El Enfrentamiento M\u00e1s Ic\u00f3nico: Los Duelos del Cl\u00e1sico<\/h2>\n\n\n\n<div class=\"wp-block-columns is-not-stacked-on-mobile is-layout-flex wp-container-core-columns-is-layout-9d6595d7 wp-block-columns-is-layout-flex\">\n<div class=\"wp-block-column is-layout-flow wp-block-column-is-layout-flow\" style=\"flex-basis:50%\">\n<ul class=\"wp-block-list\">\n<li><strong>Ronaldo marc\u00f3 18 goles en 30 Cl\u00e1sicos.<\/strong><\/li>\n<\/ul>\n<\/div>\n\n\n\n<div class=\"wp-block-column is-layout-flow wp-block-column-is-layout-flow\" style=\"flex-basis:50%\">\n<ul class=\"wp-block-list\">\n<li><strong>Messi anot\u00f3 26 goles, siendo el m\u00e1ximo goleador hist\u00f3rico en este enfrentamiento.<\/strong><\/li>\n<\/ul>\n<\/div>\n<\/div>\n<\/div>\n\n\n\n<div class=\"wp-block-group rowContainer is-vertical is-content-justification-center is-layout-flex wp-container-core-group-is-layout-4b2eccd6 wp-block-group-is-layout-flex\">\n<h2 class=\"wp-block-heading has-text-align-center\">Actuaciones Individuales en los Enfrentamientos Directos<\/h2>\n\n\n\n<figure class=\"wp-block-image size-full\"><img loading=\"lazy\" decoding=\"async\" width=\"880\" height=\"298\" src=\"https:\/\/www.365scores.com\/es\/news\/wp-content\/uploads\/2025\/02\/MESSI-ESS-cr.png\" alt=\"\" class=\"wp-image-38793\" srcset=\"https:\/\/www.365scores.com\/es\/news\/wp-content\/uploads\/2025\/02\/MESSI-ESS-cr.png 880w, https:\/\/www.365scores.com\/es\/news\/wp-content\/uploads\/2025\/02\/MESSI-ESS-cr-300x102.png 300w, https:\/\/www.365scores.com\/es\/news\/wp-content\/uploads\/2025\/02\/MESSI-ESS-cr-768x260.png 768w\" sizes=\"auto, (max-width: 880px) 100vw, 880px\" \/><\/figure>\n<\/div>\n\n\n\n<div style=\"height:60px\" aria-hidden=\"true\" class=\"wp-block-spacer\"><\/div>\n\n\n\n<h2 class=\"wp-block-heading has-text-align-center\">Fuera del Campo: Respeto Mutuo<\/h2>\n\n\n\n<p class=\"has-text-align-center\">A pesar de ser rivales feroces en el campo, Ronaldo y Messi siempre han hablado muy bien el uno del otro en entrevistas.<\/p>\n\n\n\n<div class=\"wp-block-columns are-vertically-aligned-center fullWidthPlace is-layout-flex wp-container-core-columns-is-layout-9d6595d7 wp-block-columns-is-layout-flex\">\n<div class=\"wp-block-column is-vertically-aligned-center is-layout-flow wp-block-column-is-layout-flow\">\n<div class=\"wp-block-columns are-vertically-aligned-center is-layout-flex wp-container-core-columns-is-layout-9d6595d7 wp-block-columns-is-layout-flex\">\n<div class=\"wp-block-column is-vertically-aligned-center is-layout-flow wp-block-column-is-layout-flow\"><div class=\"wp-block-image\">\n<figure class=\"alignright size-full\"><img decoding=\"async\" src=\"https:\/\/www.365scores.com\/news\/wp-content\/uploads\/2025\/01\/ronaldo-1.png\" alt=\"\" class=\"wp-image-8270\"\/><\/figure><\/div><\/div>\n\n\n\n<div class=\"wp-block-column is-vertically-aligned-center is-layout-flow wp-block-column-is-layout-flow\">\n<p><strong>Ronaldo sobre Messi:<br><\/strong>&#8220;Messi es un jugador fant\u00e1stico, que ser\u00e1 recordado no solo por los Balones de Oro, sino por estar siempre en la cima durante tantos a\u00f1os.&#8221;<\/p>\n<\/div>\n<\/div>\n\n\n\n<div style=\"height:30px\" aria-hidden=\"true\" class=\"wp-block-spacer\"><\/div>\n\n\n\n<div class=\"wp-block-columns are-vertically-aligned-center is-layout-flex wp-container-core-columns-is-layout-9d6595d7 wp-block-columns-is-layout-flex\">\n<div class=\"wp-block-column is-vertically-aligned-center is-layout-flow wp-block-column-is-layout-flow\"><div class=\"wp-block-image\">\n<figure class=\"alignright size-full\"><img decoding=\"async\" src=\"https:\/\/www.365scores.com\/news\/wp-content\/uploads\/2025\/01\/Messi-1.png\" alt=\"\" class=\"wp-image-8272\"\/><\/figure><\/div><\/div>\n\n\n\n<div class=\"wp-block-column is-vertically-aligned-center is-layout-flow wp-block-column-is-layout-flow\">\n<p><strong>Messi sobre Ronaldo:<\/strong>\u2028<br>&#8220;Cristiano es un jugador fenomenal. Nos empujamos mutuamente para ser mejores.&#8221;<\/p>\n<\/div>\n<\/div>\n<\/div>\n\n\n\n<div class=\"wp-block-column is-vertically-aligned-center is-layout-flow wp-block-column-is-layout-flow\">\n<figure class=\"wp-block-image size-full\"><img loading=\"lazy\" decoding=\"async\" width=\"562\" height=\"631\" src=\"https:\/\/www.365scores.com\/es\/news\/wp-content\/uploads\/2025\/02\/Messi-Ronal_01-1.png\" alt=\"\" class=\"wp-image-38861\" srcset=\"https:\/\/www.365scores.com\/es\/news\/wp-content\/uploads\/2025\/02\/Messi-Ronal_01-1.png 562w, https:\/\/www.365scores.com\/es\/news\/wp-content\/uploads\/2025\/02\/Messi-Ronal_01-1-267x300.png 267w\" sizes=\"auto, (max-width: 562px) 100vw, 562px\" \/><\/figure>\n<\/div>\n<\/div>\n\n\n\n<div style=\"height:100px\" aria-hidden=\"true\" class=\"wp-block-spacer\"><\/div>\n\n\n\n<div class=\"wp-block-group rowContainer is-vertical is-content-justification-center is-layout-flex wp-container-core-group-is-layout-4b2eccd6 wp-block-group-is-layout-flex\">\n<h2 class=\"wp-block-heading has-text-align-center\">\u00bfQui\u00e9n se lleva la delantera en el debate del GOAT?<\/h2>\n\n\n\n<p class=\"has-text-align-center\">Aunque la victoria de Messi en la Copa del Mundo 2022 le dio una ventaja significativa, Ronaldo sigue siendo superior en goles internacionales, rendimiento en la Champions League y longevidad a trav\u00e9s de m\u00faltiples ligas. En \u00faltima instancia, esta rivalidad ha definido una era, con ambos jugadores empuj\u00e1ndose mutuamente a alturas sin precedentes en la historia del f\u00fatbol.<\/p>\n\n\n\n<figure class=\"wp-block-image size-full\"><img decoding=\"async\" src=\"https:\/\/www.365scores.com\/news\/wp-content\/uploads\/2025\/01\/VS-Ilustration-1-1.png\" alt=\"\" class=\"wp-image-8273\"\/><\/figure>\n<\/div>\n","protected":false},"excerpt":{"rendered":"<p>Ronaldo vs Messi La batalla de los GOAT Pocas rivalidades en la historia del deporte han capturado la atenci\u00f3n mundial como la que existe entre Cristiano Ronaldo y Lionel Messi. Sus enfrentamientos en el campo han producido momentos inolvidables, mientras que sus interacciones fuera del campo reflejan el respeto mutuo entre dos de los m\u00e1s &hellip;<\/p>\n","protected":false},"author":15,"featured_media":0,"parent":38783,"menu_order":0,"comment_status":"closed","ping_status":"closed","template":"","meta":{"footnotes":""},"class_list":["post-38786","page","type-page","status-publish","hentry"],"_links":{"self":[{"href":"https:\/\/www.365scores.com\/es\/news\/wp-json\/wp\/v2\/pages\/38786","targetHints":{"allow":["GET"]}}],"collection":[{"href":"https:\/\/www.365scores.com\/es\/news\/wp-json\/wp\/v2\/pages"}],"about":[{"href":"https:\/\/www.365scores.com\/es\/news\/wp-json\/wp\/v2\/types\/page"}],"author":[{"embeddable":true,"href":"https:\/\/www.365scores.com\/es\/news\/wp-json\/wp\/v2\/users\/15"}],"replies":[{"embeddable":true,"href":"https:\/\/www.365scores.com\/es\/news\/wp-json\/wp\/v2\/comments?post=38786"}],"version-history":[{"count":0,"href":"https:\/\/www.365scores.com\/es\/news\/wp-json\/wp\/v2\/pages\/38786\/revisions"}],"up":[{"embeddable":true,"href":"https:\/\/www.365scores.com\/es\/news\/wp-json\/wp\/v2\/pages\/38783"}],"wp:attachment":[{"href":"https:\/\/www.365scores.com\/es\/news\/wp-json\/wp\/v2\/media?parent=38786"}],"curies":[{"name":"wp","href":"https:\/\/api.w.org\/{rel}","templated":true}]}}